{"id":831,"date":"2020-09-27T16:58:06","date_gmt":"2020-09-27T16:58:06","guid":{"rendered":"https:\/\/www.plotsinmarbella.com\/casa\/"},"modified":"2025-09-02T09:07:08","modified_gmt":"2025-09-02T09:07:08","slug":"casa","status":"publish","type":"page","link":"https:\/\/www.plotsinmarbella.com\/es\/","title":{"rendered":"Casa"},"content":{"rendered":"\t\t<div data-elementor-type=\"wp-page\" data-elementor-id=\"831\" class=\"elementor elementor-831 elementor-166\" data-elementor-post-type=\"page\">\n\t\t\t\t\t\t<section class=\"elementor-section elementor-top-section elementor-element elementor-element-8369719 elementor-section-full_width elementor-section-height-default elementor-section-height-default\" data-id=\"8369719\" data-element_type=\"section\">\n\t\t\t\t\t\t<div class=\"elementor-container elementor-column-gap-no\">\n\t\t\t\t\t<div class=\"elementor-column elementor-col-100 elementor-top-column elementor-element elementor-element-a51f2da\" data-id=\"a51f2da\" data-element_type=\"column\">\n\t\t\t<div class=\"elementor-widget-wrap elementor-element-populated\">\n\t\t\t\t\t\t\t<\/div>\n\t\t<\/div>\n\t\t\t\t\t<\/div>\n\t\t<\/section>\n\t\t\t\t<section class=\"elementor-section elementor-top-section elementor-element elementor-element-637e025 elementor-section-boxed elementor-section-height-default elementor-section-height-default\" data-id=\"637e025\" data-element_type=\"section\">\n\t\t\t\t\t\t<div class=\"elementor-container elementor-column-gap-default\">\n\t\t\t\t\t<div class=\"elementor-column elementor-col-100 elementor-top-column elementor-element elementor-element-e672675\" data-id=\"e672675\" data-element_type=\"column\" data-settings=\"{&quot;background_background&quot;:&quot;classic&quot;}\">\n\t\t\t<div class=\"elementor-widget-wrap elementor-element-populated\">\n\t\t\t\t\t\t<section class=\"elementor-section elementor-inner-section elementor-element elementor-element-1d0f46c elementor-section-boxed elementor-section-height-default elementor-section-height-default\" data-id=\"1d0f46c\" data-element_type=\"section\">\n\t\t\t\t\t\t<div class=\"elementor-container elementor-column-gap-default\">\n\t\t\t\t\t<div class=\"elementor-column elementor-col-33 elementor-inner-column elementor-element elementor-element-300bbf1\" data-id=\"300bbf1\" data-element_type=\"column\" data-settings=\"{&quot;background_background&quot;:&quot;classic&quot;}\">\n\t\t\t<div class=\"elementor-widget-wrap elementor-element-populated\">\n\t\t\t\t\t<div class=\"elementor-background-overlay\"><\/div>\n\t\t\t\t\t\t<div class=\"elementor-element elementor-element-93da7b3 elementor-widget elementor-widget-image\" data-id=\"93da7b3\" data-element_type=\"widget\" data-widget_type=\"image.default\">\n\t\t\t\t<div class=\"elementor-widget-container\">\n\t\t\t\t\t\t\t\t\t\t\t\t\t\t\t<img fetchpriority=\"high\" decoding=\"async\" width=\"280\" height=\"307\" src=\"https:\/\/www.plotsinmarbella.com\/wp-content\/uploads\/2024\/10\/Boton-iconos-home_Mesa-de-trabajo-1.png\" class=\"attachment-large size-large wp-image-2941\" alt=\"\" srcset=\"https:\/\/www.plotsinmarbella.com\/wp-content\/uploads\/2024\/10\/Boton-iconos-home_Mesa-de-trabajo-1.png 280w, https:\/\/www.plotsinmarbella.com\/wp-content\/uploads\/2024\/10\/Boton-iconos-home_Mesa-de-trabajo-1-274x300.png 274w\" sizes=\"(max-width: 280px) 100vw, 280px\" \/>\t\t\t\t\t\t\t\t\t\t\t\t\t\t\t<\/div>\n\t\t\t\t<\/div>\n\t\t\t\t<div class=\"elementor-element elementor-element-e33f3c0 elementor-widget elementor-widget-heading\" data-id=\"e33f3c0\" data-element_type=\"widget\" data-widget_type=\"heading.default\">\n\t\t\t\t<div class=\"elementor-widget-container\">\n\t\t\t\t\t<h2 class=\"elementor-heading-title elementor-size-default\">Desarrollo a Largo Plazo<\/h2>\t\t\t\t<\/div>\n\t\t\t\t<\/div>\n\t\t\t\t<div class=\"elementor-element elementor-element-5fb0169 elementor-widget elementor-widget-text-editor\" data-id=\"5fb0169\" data-element_type=\"widget\" data-widget_type=\"text-editor.default\">\n\t\t\t\t<div class=\"elementor-widget-container\">\n\t\t\t\t\t\t\t\t\tDesde la adquisici\u00f3n del terreno a finales de la\nd\u00e9cada de 1990, hemos desarrollado la\nzona residencial conocida como Los Altos de los\nMonteros en Marbella, centr\u00e1ndonos en su\nplanificaci\u00f3n y desarrollo urban\u00edstico, a la\nluz de un proyecto a largo plazo.\t\t\t\t\t\t\t\t<\/div>\n\t\t\t\t<\/div>\n\t\t\t\t\t<\/div>\n\t\t<\/div>\n\t\t\t\t<div class=\"elementor-column elementor-col-33 elementor-inner-column elementor-element elementor-element-1f8fd02\" data-id=\"1f8fd02\" data-element_type=\"column\" data-settings=\"{&quot;background_background&quot;:&quot;classic&quot;}\">\n\t\t\t<div class=\"elementor-widget-wrap elementor-element-populated\">\n\t\t\t\t\t<div class=\"elementor-background-overlay\"><\/div>\n\t\t\t\t\t\t<div class=\"elementor-element elementor-element-5b56ce9 elementor-widget elementor-widget-image\" data-id=\"5b56ce9\" data-element_type=\"widget\" data-widget_type=\"image.default\">\n\t\t\t\t<div class=\"elementor-widget-container\">\n\t\t\t\t\t\t\t\t\t\t\t\t\t\t\t<img decoding=\"async\" width=\"280\" height=\"307\" src=\"https:\/\/www.plotsinmarbella.com\/wp-content\/uploads\/2024\/10\/Boton-iconos-home_Mesa-de-trabajo-1-copia.png\" class=\"attachment-large size-large wp-image-2939\" alt=\"\" srcset=\"https:\/\/www.plotsinmarbella.com\/wp-content\/uploads\/2024\/10\/Boton-iconos-home_Mesa-de-trabajo-1-copia.png 280w, https:\/\/www.plotsinmarbella.com\/wp-content\/uploads\/2024\/10\/Boton-iconos-home_Mesa-de-trabajo-1-copia-274x300.png 274w\" sizes=\"(max-width: 280px) 100vw, 280px\" \/>\t\t\t\t\t\t\t\t\t\t\t\t\t\t\t<\/div>\n\t\t\t\t<\/div>\n\t\t\t\t<div class=\"elementor-element elementor-element-070b2a8 elementor-widget elementor-widget-heading\" data-id=\"070b2a8\" data-element_type=\"widget\" data-widget_type=\"heading.default\">\n\t\t\t\t<div class=\"elementor-widget-container\">\n\t\t\t\t\t<h2 class=\"elementor-heading-title elementor-size-default\">CERCA DEL MAR Y\nLA MONTA\u00d1A<\/h2>\t\t\t\t<\/div>\n\t\t\t\t<\/div>\n\t\t\t\t<div class=\"elementor-element elementor-element-7b73424 elementor-widget elementor-widget-text-editor\" data-id=\"7b73424\" data-element_type=\"widget\" data-widget_type=\"text-editor.default\">\n\t\t\t\t<div class=\"elementor-widget-container\">\n\t\t\t\t\t\t\t\t\tA lo largo de los a\u00f1os hemos mejorado y\nmantenido nuestra infraestructura. Hoy en d\u00eda, Los\nAltos de los Monteros es un desarrollo residencial consolidado\nubicado a 5 km\nal este de Marbella y cuenta con impresionantes\nvistas, que consta de parcelas de villas individuales y\nvarios complejos de apartamentos. \t\t\t\t\t\t\t\t<\/div>\n\t\t\t\t<\/div>\n\t\t\t\t\t<\/div>\n\t\t<\/div>\n\t\t\t\t<div class=\"elementor-column elementor-col-33 elementor-inner-column elementor-element elementor-element-58bc86e\" data-id=\"58bc86e\" data-element_type=\"column\" data-settings=\"{&quot;background_background&quot;:&quot;classic&quot;}\">\n\t\t\t<div class=\"elementor-widget-wrap elementor-element-populated\">\n\t\t\t\t\t<div class=\"elementor-background-overlay\"><\/div>\n\t\t\t\t\t\t<div class=\"elementor-element elementor-element-176a683 elementor-widget elementor-widget-image\" data-id=\"176a683\" data-element_type=\"widget\" data-widget_type=\"image.default\">\n\t\t\t\t<div class=\"elementor-widget-container\">\n\t\t\t\t\t\t\t\t\t\t\t\t\t\t\t<img decoding=\"async\" width=\"280\" height=\"307\" src=\"https:\/\/www.plotsinmarbella.com\/wp-content\/uploads\/2024\/10\/Boton-iconos-home_Mesa-de-trabajo-1-copia-2.png\" class=\"attachment-large size-large wp-image-2937\" alt=\"\" srcset=\"https:\/\/www.plotsinmarbella.com\/wp-content\/uploads\/2024\/10\/Boton-iconos-home_Mesa-de-trabajo-1-copia-2.png 280w, https:\/\/www.plotsinmarbella.com\/wp-content\/uploads\/2024\/10\/Boton-iconos-home_Mesa-de-trabajo-1-copia-2-274x300.png 274w\" sizes=\"(max-width: 280px) 100vw, 280px\" \/>\t\t\t\t\t\t\t\t\t\t\t\t\t\t\t<\/div>\n\t\t\t\t<\/div>\n\t\t\t\t<div class=\"elementor-element elementor-element-4e2fb20 elementor-widget elementor-widget-heading\" data-id=\"4e2fb20\" data-element_type=\"widget\" data-widget_type=\"heading.default\">\n\t\t\t\t<div class=\"elementor-widget-container\">\n\t\t\t\t\t<h2 class=\"elementor-heading-title elementor-size-default\">UBICACI\u00d3N PERFECTA<\/h2>\t\t\t\t<\/div>\n\t\t\t\t<\/div>\n\t\t\t\t<div class=\"elementor-element elementor-element-64f5687 elementor-widget elementor-widget-text-editor\" data-id=\"64f5687\" data-element_type=\"widget\" data-widget_type=\"text-editor.default\">\n\t\t\t\t<div class=\"elementor-widget-container\">\n\t\t\t\t\t\t\t\t\t<p>Ubicados en un enclave natural privilegiado, nuestra excelente localizaci\u00f3n ofrece acceso a las mejores playas de Marbella, prestigiosos campos de golf y al centro de la ciudad. A tan solo unos minutos en coche de M\u00e1laga, disfrutamos de una ubicaci\u00f3n ideal para vivir en la Costa del Sol, con su encanto hist\u00f3rico y la comodidad cosmopolita. <\/p>\t\t\t\t\t\t\t\t<\/div>\n\t\t\t\t<\/div>\n\t\t\t\t\t<\/div>\n\t\t<\/div>\n\t\t\t\t\t<\/div>\n\t\t<\/section>\n\t\t\t\t\t<\/div>\n\t\t<\/div>\n\t\t\t\t\t<\/div>\n\t\t<\/section>\n\t\t\t\t<section class=\"elementor-section elementor-top-section elementor-element elementor-element-7b1a0de elementor-section-boxed elementor-section-height-default elementor-section-height-default\" data-id=\"7b1a0de\" data-element_type=\"section\">\n\t\t\t\t\t\t<div class=\"elementor-container elementor-column-gap-default\">\n\t\t\t\t\t<div class=\"elementor-column elementor-col-100 elementor-top-column elementor-element elementor-element-bd86c95\" data-id=\"bd86c95\" data-element_type=\"column\">\n\t\t\t<div class=\"elementor-widget-wrap elementor-element-populated\">\n\t\t\t\t\t\t<section class=\"elementor-section elementor-inner-section elementor-element elementor-element-f7daf52 elementor-section-boxed elementor-section-height-default elementor-section-height-default\" data-id=\"f7daf52\" data-element_type=\"section\">\n\t\t\t\t\t\t<div class=\"elementor-container elementor-column-gap-default\">\n\t\t\t\t\t<div class=\"elementor-column elementor-col-50 elementor-inner-column elementor-element elementor-element-878ff75\" data-id=\"878ff75\" data-element_type=\"column\">\n\t\t\t<div class=\"elementor-widget-wrap elementor-element-populated\">\n\t\t\t\t\t\t<div class=\"elementor-element elementor-element-8625d41 elementor-widget elementor-widget-heading\" data-id=\"8625d41\" data-element_type=\"widget\" data-widget_type=\"heading.default\">\n\t\t\t\t<div class=\"elementor-widget-container\">\n\t\t\t\t\t<h2 class=\"elementor-heading-title elementor-size-default\">Sobre nosotros<\/h2>\t\t\t\t<\/div>\n\t\t\t\t<\/div>\n\t\t\t\t<div class=\"elementor-element elementor-element-97c01c3 elementor-widget elementor-widget-text-editor\" data-id=\"97c01c3\" data-element_type=\"widget\" data-widget_type=\"text-editor.default\">\n\t\t\t\t<div class=\"elementor-widget-container\">\n\t\t\t\t\t\t\t\t\t<p>Arquitectura contempor\u00e1nea y mediterr\u00e1nea en un<br>medio ambiente sostenible.<\/p><p>Desde la adquisici\u00f3n de los terrenos a finales de la d\u00e9cada de 1990,<br>han desarrollado la zona residencial conocida como Los Altos de<br>los Monteros en Marbella, centr\u00e1ndose en su planificaci\u00f3n urban\u00edstica y<br>desarrollo, a la luz de un proyecto a largo plazo.<br>La caracter\u00edstica \u00fanica de Los Altos de los Monteros es la baja<br>raci\u00f3n de parcelas unifamiliares edificables rodeadas de<br>Extensas zonas verdes y senderos peatonales.<\/p>\t\t\t\t\t\t\t\t<\/div>\n\t\t\t\t<\/div>\n\t\t\t\t\t<\/div>\n\t\t<\/div>\n\t\t\t\t<div class=\"elementor-column elementor-col-50 elementor-inner-column elementor-element elementor-element-ab8c80d\" data-id=\"ab8c80d\" data-element_type=\"column\">\n\t\t\t<div class=\"elementor-widget-wrap elementor-element-populated\">\n\t\t\t\t\t\t<div class=\"elementor-element elementor-element-245c9db elementor-widget elementor-widget-image\" data-id=\"245c9db\" data-element_type=\"widget\" data-widget_type=\"image.default\">\n\t\t\t\t<div class=\"elementor-widget-container\">\n\t\t\t\t\t\t\t\t\t\t\t\t\t\t\t<img loading=\"lazy\" decoding=\"async\" width=\"800\" height=\"449\" src=\"https:\/\/www.plotsinmarbella.com\/wp-content\/uploads\/2024\/10\/HOME-aboutweb-1024x575.jpg\" class=\"attachment-large size-large wp-image-2959\" alt=\"\" srcset=\"https:\/\/www.plotsinmarbella.com\/wp-content\/uploads\/2024\/10\/HOME-aboutweb-1024x575.jpg 1024w, https:\/\/www.plotsinmarbella.com\/wp-content\/uploads\/2024\/10\/HOME-aboutweb-300x169.jpg 300w, https:\/\/www.plotsinmarbella.com\/wp-content\/uploads\/2024\/10\/HOME-aboutweb-768x431.jpg 768w, https:\/\/www.plotsinmarbella.com\/wp-content\/uploads\/2024\/10\/HOME-aboutweb-800x450.jpg 800w, https:\/\/www.plotsinmarbella.com\/wp-content\/uploads\/2024\/10\/HOME-aboutweb.jpg 1200w\" sizes=\"(max-width: 800px) 100vw, 800px\" \/>\t\t\t\t\t\t\t\t\t\t\t\t\t\t\t<\/div>\n\t\t\t\t<\/div>\n\t\t\t\t\t<\/div>\n\t\t<\/div>\n\t\t\t\t\t<\/div>\n\t\t<\/section>\n\t\t\t\t\t<\/div>\n\t\t<\/div>\n\t\t\t\t\t<\/div>\n\t\t<\/section>\n\t\t\t\t<section class=\"elementor-section elementor-top-section elementor-element elementor-element-d95b215 elementor-section-full_width elementor-section-height-min-height elementor-section-items-top elementor-section-height-default\" data-id=\"d95b215\" data-element_type=\"section\" data-settings=\"{&quot;background_background&quot;:&quot;classic&quot;}\">\n\t\t\t\t\t\t\t<div class=\"elementor-background-overlay\"><\/div>\n\t\t\t\t\t\t\t<div class=\"elementor-container elementor-column-gap-default\">\n\t\t\t\t\t<div class=\"elementor-column elementor-col-100 elementor-top-column elementor-element elementor-element-d456576\" data-id=\"d456576\" data-element_type=\"column\">\n\t\t\t<div class=\"elementor-widget-wrap elementor-element-populated\">\n\t\t\t\t\t\t<div class=\"elementor-element elementor-element-5b09483 elementor-widget elementor-widget-heading\" data-id=\"5b09483\" data-element_type=\"widget\" data-widget_type=\"heading.default\">\n\t\t\t\t<div class=\"elementor-widget-container\">\n\t\t\t\t\t<h2 class=\"elementor-heading-title elementor-size-default\">QU\u00c9 OFRECEMOS<\/h2>\t\t\t\t<\/div>\n\t\t\t\t<\/div>\n\t\t\t\t<div class=\"elementor-element elementor-element-a8e2f7e elementor-widget elementor-widget-text-editor\" data-id=\"a8e2f7e\" data-element_type=\"widget\" data-widget_type=\"text-editor.default\">\n\t\t\t\t<div class=\"elementor-widget-container\">\n\t\t\t\t\t\t\t\t\t<p>VIVIR ENTRE SENSACIONES<br>COMPRAR UNA PARCELA O VILLA EN UN ENTORNO PRIVILEGIADO<br>UBICACI\u00d3N COSTA DEL SOL &#8211; MARBELLA &#8211; ESPA\u00d1A<\/p>\t\t\t\t\t\t\t\t<\/div>\n\t\t\t\t<\/div>\n\t\t\t\t\t<\/div>\n\t\t<\/div>\n\t\t\t\t\t<\/div>\n\t\t<\/section>\n\t\t\t\t<section class=\"elementor-section elementor-top-section elementor-element elementor-element-ccee3ca elementor-section-boxed elementor-section-height-default elementor-section-height-default\" data-id=\"ccee3ca\" data-element_type=\"section\">\n\t\t\t\t\t\t<div class=\"elementor-container elementor-column-gap-default\">\n\t\t\t\t\t<div class=\"elementor-column elementor-col-33 elementor-top-column elementor-element elementor-element-0eab57d\" data-id=\"0eab57d\" data-element_type=\"column\" data-settings=\"{&quot;background_background&quot;:&quot;classic&quot;}\">\n\t\t\t<div class=\"elementor-widget-wrap elementor-element-populated\">\n\t\t\t\t\t<div class=\"elementor-background-overlay\"><\/div>\n\t\t\t\t\t\t<section class=\"elementor-section elementor-inner-section elementor-element elementor-element-4780067 elementor-section-height-min-height elementor-section-boxed elementor-section-height-default\" data-id=\"4780067\" data-element_type=\"section\">\n\t\t\t\t\t\t<div class=\"elementor-container elementor-column-gap-default\">\n\t\t\t\t\t<div class=\"elementor-column elementor-col-100 elementor-inner-column elementor-element elementor-element-928db44\" data-id=\"928db44\" data-element_type=\"column\" data-settings=\"{&quot;background_background&quot;:&quot;classic&quot;}\">\n\t\t\t<div class=\"elementor-widget-wrap\">\n\t\t\t\t\t\t\t<\/div>\n\t\t<\/div>\n\t\t\t\t\t<\/div>\n\t\t<\/section>\n\t\t\t\t<div class=\"elementor-element elementor-element-88af03e elementor-widget elementor-widget-heading\" data-id=\"88af03e\" data-element_type=\"widget\" data-widget_type=\"heading.default\">\n\t\t\t\t<div class=\"elementor-widget-container\">\n\t\t\t\t\t<h2 class=\"elementor-heading-title elementor-size-default\">PARCELAS EN VENTA<\/h2>\t\t\t\t<\/div>\n\t\t\t\t<\/div>\n\t\t\t\t<div class=\"elementor-element elementor-element-67c7253 elementor-widget elementor-widget-text-editor\" data-id=\"67c7253\" data-element_type=\"widget\" data-widget_type=\"text-editor.default\">\n\t\t\t\t<div class=\"elementor-widget-container\">\n\t\t\t\t\t\t\t\t\t<p>\u00bfPor qu\u00e9 comprar en Altos de los Monteros?vistas espectaculares<br>Inversi\u00f3n segura<br>Entorno privilegiado<br>Vivienda unifamiliar<br>Utilidades<br>Zonificaci\u00f3n cuidadosa<\/p>\t\t\t\t\t\t\t\t<\/div>\n\t\t\t\t<\/div>\n\t\t\t\t\t<\/div>\n\t\t<\/div>\n\t\t\t\t<div class=\"elementor-column elementor-col-33 elementor-top-column elementor-element elementor-element-4ea2a39\" data-id=\"4ea2a39\" data-element_type=\"column\" data-settings=\"{&quot;background_background&quot;:&quot;classic&quot;}\">\n\t\t\t<div class=\"elementor-widget-wrap elementor-element-populated\">\n\t\t\t\t\t<div class=\"elementor-background-overlay\"><\/div>\n\t\t\t\t\t\t<section class=\"elementor-section elementor-inner-section elementor-element elementor-element-84868b0 elementor-section-height-min-height elementor-section-boxed elementor-section-height-default\" data-id=\"84868b0\" data-element_type=\"section\">\n\t\t\t\t\t\t<div class=\"elementor-container elementor-column-gap-default\">\n\t\t\t\t\t<div class=\"elementor-column elementor-col-100 elementor-inner-column elementor-element elementor-element-aa9eb4c\" data-id=\"aa9eb4c\" data-element_type=\"column\" data-settings=\"{&quot;background_background&quot;:&quot;classic&quot;}\">\n\t\t\t<div class=\"elementor-widget-wrap\">\n\t\t\t\t\t\t\t<\/div>\n\t\t<\/div>\n\t\t\t\t\t<\/div>\n\t\t<\/section>\n\t\t\t\t<div class=\"elementor-element elementor-element-52374af elementor-widget elementor-widget-heading\" data-id=\"52374af\" data-element_type=\"widget\" data-widget_type=\"heading.default\">\n\t\t\t\t<div class=\"elementor-widget-container\">\n\t\t\t\t\t<h2 class=\"elementor-heading-title elementor-size-default\">VILLAS<\/h2>\t\t\t\t<\/div>\n\t\t\t\t<\/div>\n\t\t\t\t<div class=\"elementor-element elementor-element-fa89ee0 elementor-widget elementor-widget-text-editor\" data-id=\"fa89ee0\" data-element_type=\"widget\" data-widget_type=\"text-editor.default\">\n\t\t\t\t<div class=\"elementor-widget-container\">\n\t\t\t\t\t\t\t\t\tArquitectura mediterr\u00e1nea,<\/br> lujo y vistas panor\u00e1micas.\t\t\t\t\t\t\t\t<\/div>\n\t\t\t\t<\/div>\n\t\t\t\t\t<\/div>\n\t\t<\/div>\n\t\t\t\t<div class=\"elementor-column elementor-col-33 elementor-top-column elementor-element elementor-element-9e70bfd\" data-id=\"9e70bfd\" data-element_type=\"column\" data-settings=\"{&quot;background_background&quot;:&quot;classic&quot;}\">\n\t\t\t<div class=\"elementor-widget-wrap elementor-element-populated\">\n\t\t\t\t\t<div class=\"elementor-background-overlay\"><\/div>\n\t\t\t\t\t\t<section class=\"elementor-section elementor-inner-section elementor-element elementor-element-5874169 elementor-section-height-min-height elementor-section-boxed elementor-section-height-default\" data-id=\"5874169\" data-element_type=\"section\">\n\t\t\t\t\t\t<div class=\"elementor-container elementor-column-gap-default\">\n\t\t\t\t\t<div class=\"elementor-column elementor-col-100 elementor-inner-column elementor-element elementor-element-c480160\" data-id=\"c480160\" data-element_type=\"column\" data-settings=\"{&quot;background_background&quot;:&quot;classic&quot;}\">\n\t\t\t<div class=\"elementor-widget-wrap\">\n\t\t\t\t\t\t\t<\/div>\n\t\t<\/div>\n\t\t\t\t\t<\/div>\n\t\t<\/section>\n\t\t\t\t<div class=\"elementor-element elementor-element-f2b062d elementor-widget elementor-widget-heading\" data-id=\"f2b062d\" data-element_type=\"widget\" data-widget_type=\"heading.default\">\n\t\t\t\t<div class=\"elementor-widget-container\">\n\t\t\t\t\t<h2 class=\"elementor-heading-title elementor-size-default\">ARQUITECTURA<\/h2>\t\t\t\t<\/div>\n\t\t\t\t<\/div>\n\t\t\t\t<div class=\"elementor-element elementor-element-68776cb elementor-widget elementor-widget-text-editor\" data-id=\"68776cb\" data-element_type=\"widget\" data-widget_type=\"text-editor.default\">\n\t\t\t\t<div class=\"elementor-widget-container\">\n\t\t\t\t\t\t\t\t\t<p>Nuestras villas combinan un dise\u00f1o vanguardista con una arquitectura sostenible. Utilizando materiales de alta calidad y un \u00e9nfasis en la eficiencia energ\u00e9tica, cada detalle est\u00e1 cuidadosamente elaborado para brindar comodidad, funcionalidad y respeto por el medio ambiente. Una fusi\u00f3n perfecta de est\u00e9tica y sostenibilidad, pensada para aquellos que buscan un hogar \u00fanico y responsable.  <\/p>\t\t\t\t\t\t\t\t<\/div>\n\t\t\t\t<\/div>\n\t\t\t\t\t<\/div>\n\t\t<\/div>\n\t\t\t\t\t<\/div>\n\t\t<\/section>\n\t\t\t\t<\/div>\n\t\t","protected":false},"excerpt":{"rendered":"<p>Desarrollo a Largo Plazo Desde la adquisici\u00f3n del terreno a finales de la d\u00e9cada de 1990, hemos desarrollado la zona residencial conocida como Los Altos de los Monteros en Marbella, centr\u00e1ndonos en su planificaci\u00f3n y desarrollo urban\u00edstico, a la luz de un proyecto a largo plazo. CERCA DEL MAR Y LA MONTA\u00d1A A lo largo [&hellip;]<\/p>\n","protected":false},"author":1,"featured_media":0,"parent":0,"menu_order":0,"comment_status":"closed","ping_status":"closed","template":"","meta":{"footnotes":""},"yst_prominent_words":[],"class_list":["post-831","page","type-page","status-publish","hentry"],"yoast_head":"<!-- This site is optimized with the Yoast SEO Premium plugin v14.4.1 - https:\/\/yoast.com\/wordpress\/plugins\/seo\/ -->\n<title>Casa | Altos de los Monteros<\/title>\n<meta name=\"robots\" content=\"index, follow\" \/>\n<meta name=\"googlebot\" content=\"index, follow, max-snippet:-1, max-image-preview:large, max-video-preview:-1\" \/>\n<meta name=\"bingbot\" content=\"index, follow, max-snippet:-1, max-image-preview:large, max-video-preview:-1\" \/>\n<link rel=\"canonical\" href=\"https:\/\/www.plotsinmarbella.com\/es\/casa\/\" \/>\n<meta property=\"og:locale\" content=\"es_ES\" \/>\n<meta property=\"og:type\" content=\"article\" \/>\n<meta property=\"og:title\" content=\"Casa | Altos de los Monteros\" \/>\n<meta property=\"og:description\" content=\"Desarrollo a Largo Plazo Desde la adquisici\u00f3n del terreno a finales de la d\u00e9cada de 1990, hemos desarrollado la zona residencial conocida como Los Altos de los Monteros en Marbella, centr\u00e1ndonos en su planificaci\u00f3n y desarrollo urban\u00edstico, a la luz de un proyecto a largo plazo. CERCA DEL MAR Y LA MONTA\u00d1A A lo largo [&hellip;]\" \/>\n<meta property=\"og:url\" content=\"https:\/\/www.plotsinmarbella.com\/es\/casa\/\" \/>\n<meta property=\"og:site_name\" content=\"Altos de los Monteros\" \/>\n<meta property=\"article:publisher\" content=\"https:\/\/www.facebook.com\/altosdelosmonterosmarbella\" \/>\n<meta property=\"article:modified_time\" content=\"2025-09-02T09:07:08+00:00\" \/>\n<meta property=\"og:image\" content=\"https:\/\/www.plotsinmarbella.com\/wp-content\/uploads\/2024\/10\/Boton-iconos-home_Mesa-de-trabajo-1.png\" \/>\n<meta name=\"twitter:card\" content=\"summary_large_image\" \/>\n<script type=\"application\/ld+json\" class=\"yoast-schema-graph\">{\"@context\":\"https:\/\/schema.org\",\"@graph\":[{\"@type\":\"Organization\",\"@id\":\"https:\/\/www.plotsinmarbella.com\/es\/#organization\",\"name\":\"Altos de los Monteros\",\"url\":\"https:\/\/www.plotsinmarbella.com\/es\/\",\"sameAs\":[\"https:\/\/www.facebook.com\/altosdelosmonterosmarbella\",\"https:\/\/www.instagram.com\/losaltosdelosmonteros\/\"],\"logo\":{\"@type\":\"ImageObject\",\"@id\":\"https:\/\/www.plotsinmarbella.com\/es\/#logo\",\"inLanguage\":\"es\",\"url\":\"https:\/\/www.plotsinmarbella.com\/wp-content\/uploads\/2020\/06\/logo-alto-de-los-monteros-400.png\",\"width\":396,\"height\":400,\"caption\":\"Altos de los Monteros\"},\"image\":{\"@id\":\"https:\/\/www.plotsinmarbella.com\/es\/#logo\"}},{\"@type\":\"WebSite\",\"@id\":\"https:\/\/www.plotsinmarbella.com\/es\/#website\",\"url\":\"https:\/\/www.plotsinmarbella.com\/es\/\",\"name\":\"Altos de los Monteros\",\"description\":\"Venta de parcelas en Los Monteros de Marbella, Costa del sol\",\"publisher\":{\"@id\":\"https:\/\/www.plotsinmarbella.com\/es\/#organization\"},\"potentialAction\":[{\"@type\":\"SearchAction\",\"target\":\"https:\/\/www.plotsinmarbella.com\/es\/?s={search_term_string}\",\"query-input\":\"required name=search_term_string\"}],\"inLanguage\":\"es\"},{\"@type\":\"ImageObject\",\"@id\":\"https:\/\/www.plotsinmarbella.com\/es\/casa\/#primaryimage\",\"inLanguage\":\"es\",\"url\":\"https:\/\/www.plotsinmarbella.com\/wp-content\/uploads\/2024\/10\/Boton-iconos-home_Mesa-de-trabajo-1.png\",\"width\":280,\"height\":307},{\"@type\":\"WebPage\",\"@id\":\"https:\/\/www.plotsinmarbella.com\/es\/casa\/#webpage\",\"url\":\"https:\/\/www.plotsinmarbella.com\/es\/casa\/\",\"name\":\"Casa | Altos de los Monteros\",\"isPartOf\":{\"@id\":\"https:\/\/www.plotsinmarbella.com\/es\/#website\"},\"primaryImageOfPage\":{\"@id\":\"https:\/\/www.plotsinmarbella.com\/es\/casa\/#primaryimage\"},\"datePublished\":\"2020-09-27T16:58:06+00:00\",\"dateModified\":\"2025-09-02T09:07:08+00:00\",\"inLanguage\":\"es\",\"potentialAction\":[{\"@type\":\"ReadAction\",\"target\":[\"https:\/\/www.plotsinmarbella.com\/es\/casa\/\"]}]}]}<\/script>\n<!-- \/ Yoast SEO Premium plugin. -->","_links":{"self":[{"href":"https:\/\/www.plotsinmarbella.com\/es\/wp-json\/wp\/v2\/pages\/831","targetHints":{"allow":["GET"]}}],"collection":[{"href":"https:\/\/www.plotsinmarbella.com\/es\/wp-json\/wp\/v2\/pages"}],"about":[{"href":"https:\/\/www.plotsinmarbella.com\/es\/wp-json\/wp\/v2\/types\/page"}],"author":[{"embeddable":true,"href":"https:\/\/www.plotsinmarbella.com\/es\/wp-json\/wp\/v2\/users\/1"}],"replies":[{"embeddable":true,"href":"https:\/\/www.plotsinmarbella.com\/es\/wp-json\/wp\/v2\/comments?post=831"}],"version-history":[{"count":22,"href":"https:\/\/www.plotsinmarbella.com\/es\/wp-json\/wp\/v2\/pages\/831\/revisions"}],"predecessor-version":[{"id":3413,"href":"https:\/\/www.plotsinmarbella.com\/es\/wp-json\/wp\/v2\/pages\/831\/revisions\/3413"}],"wp:attachment":[{"href":"https:\/\/www.plotsinmarbella.com\/es\/wp-json\/wp\/v2\/media?parent=831"}],"wp:term":[{"taxonomy":"yst_prominent_words","embeddable":true,"href":"https:\/\/www.plotsinmarbella.com\/es\/wp-json\/wp\/v2\/yst_prominent_words?post=831"}],"curies":[{"name":"wp","href":"https:\/\/api.w.org\/{rel}","templated":true}]}}