{"id":767,"date":"2020-09-27T16:41:46","date_gmt":"2020-09-27T16:41:46","guid":{"rendered":"https:\/\/www.plotsinmarbella.com\/parcela-en-venta-en-marbella-j-6\/"},"modified":"2021-08-11T09:50:51","modified_gmt":"2021-08-11T09:50:51","slug":"parcela-en-venta-en-marbella-j-6","status":"publish","type":"page","link":"https:\/\/www.plotsinmarbella.com\/es\/parcela-en-venta-en-marbella-j-6\/","title":{"rendered":"Parcela en venta en marbella J-6"},"content":{"rendered":"\t\t<div data-elementor-type=\"wp-page\" data-elementor-id=\"767\" class=\"elementor elementor-767 elementor-480\" data-elementor-post-type=\"page\">\n\t\t\t\t\t\t<section class=\"elementor-section elementor-top-section elementor-element elementor-element-2d1d6c88 elementor-section-full_width elementor-section-height-min-height elementor-section-height-default elementor-section-items-middle\" data-id=\"2d1d6c88\" data-element_type=\"section\" data-settings=\"{&quot;background_background&quot;:&quot;classic&quot;}\">\n\t\t\t\t\t\t<div class=\"elementor-container elementor-column-gap-no\">\n\t\t\t\t\t<div class=\"elementor-column elementor-col-100 elementor-top-column elementor-element elementor-element-51ef02a7\" data-id=\"51ef02a7\" data-element_type=\"column\">\n\t\t\t<div class=\"elementor-widget-wrap elementor-element-populated\">\n\t\t\t\t\t\t<div class=\"elementor-element elementor-element-21f8a1a5 elementor-widget elementor-widget-heading\" data-id=\"21f8a1a5\" data-element_type=\"widget\" data-widget_type=\"heading.default\">\n\t\t\t\t<div class=\"elementor-widget-container\">\n\t\t\t\t\t<h2 class=\"elementor-heading-title elementor-size-default\"><br>PARCELA J-6 <br> (PROXIMO PROYECTO)<\/h2>\t\t\t\t<\/div>\n\t\t\t\t<\/div>\n\t\t\t\t\t<\/div>\n\t\t<\/div>\n\t\t\t\t\t<\/div>\n\t\t<\/section>\n\t\t\t\t<section class=\"elementor-section elementor-top-section elementor-element elementor-element-287592e4 elementor-section-full_width elementor-section-height-default elementor-section-height-default\" data-id=\"287592e4\" data-element_type=\"section\">\n\t\t\t\t\t\t<div class=\"elementor-container elementor-column-gap-default\">\n\t\t\t\t\t<div class=\"elementor-column elementor-col-100 elementor-top-column elementor-element elementor-element-1b221490\" data-id=\"1b221490\" data-element_type=\"column\">\n\t\t\t<div class=\"elementor-widget-wrap\">\n\t\t\t\t\t\t\t<\/div>\n\t\t<\/div>\n\t\t\t\t\t<\/div>\n\t\t<\/section>\n\t\t\t\t<section class=\"elementor-section elementor-top-section elementor-element elementor-element-4a974a89 elementor-section-boxed elementor-section-height-default elementor-section-height-default\" data-id=\"4a974a89\" data-element_type=\"section\">\n\t\t\t\t\t\t<div class=\"elementor-container elementor-column-gap-default\">\n\t\t\t\t\t<div class=\"elementor-column elementor-col-100 elementor-top-column elementor-element elementor-element-42726f2f\" data-id=\"42726f2f\" data-element_type=\"column\">\n\t\t\t<div class=\"elementor-widget-wrap elementor-element-populated\">\n\t\t\t\t\t\t<div class=\"elementor-element elementor-element-423e5fb9 elementor-widget elementor-widget-heading\" data-id=\"423e5fb9\" data-element_type=\"widget\" data-widget_type=\"heading.default\">\n\t\t\t\t<div class=\"elementor-widget-container\">\n\t\t\t\t\t<h2 class=\"elementor-heading-title elementor-size-default\">Galer\u00eda<\/h2>\t\t\t\t<\/div>\n\t\t\t\t<\/div>\n\t\t\t\t<div class=\"elementor-element elementor-element-7b299f17 elementor-widget elementor-widget-gallery\" data-id=\"7b299f17\" data-element_type=\"widget\" data-settings=\"{&quot;columns&quot;:3,&quot;lazyload&quot;:&quot;yes&quot;,&quot;gallery_layout&quot;:&quot;grid&quot;,&quot;columns_tablet&quot;:2,&quot;columns_mobile&quot;:1,&quot;gap&quot;:{&quot;unit&quot;:&quot;px&quot;,&quot;size&quot;:10,&quot;sizes&quot;:[]},&quot;gap_tablet&quot;:{&quot;unit&quot;:&quot;px&quot;,&quot;size&quot;:10,&quot;sizes&quot;:[]},&quot;gap_mobile&quot;:{&quot;unit&quot;:&quot;px&quot;,&quot;size&quot;:10,&quot;sizes&quot;:[]},&quot;link_to&quot;:&quot;file&quot;,&quot;aspect_ratio&quot;:&quot;3:2&quot;,&quot;overlay_background&quot;:&quot;yes&quot;,&quot;content_hover_animation&quot;:&quot;fade-in&quot;}\" data-widget_type=\"gallery.default\">\n\t\t\t\t<div class=\"elementor-widget-container\">\n\t\t\t\t\t\t\t<div class=\"elementor-gallery__container\">\n\t\t\t\t\t\t\t<a class=\"e-gallery-item elementor-gallery-item elementor-animated-content\" href=\"https:\/\/www.plotsinmarbella.com\/wp-content\/uploads\/2020\/06\/J6_3.jpg\" data-elementor-open-lightbox=\"yes\" data-elementor-lightbox-slideshow=\"7b299f17\" data-elementor-lightbox-title=\"J6_3\" data-e-action-hash=\"#elementor-action%3Aaction%3Dlightbox%26settings%3DeyJpZCI6NzMwLCJ1cmwiOiJodHRwczpcL1wvd3d3LnBsb3RzaW5tYXJiZWxsYS5jb21cL3dwLWNvbnRlbnRcL3VwbG9hZHNcLzIwMjBcLzA2XC9KNl8zLmpwZyIsInNsaWRlc2hvdyI6IjdiMjk5ZjE3In0%3D\">\n\t\t\t\t\t<div class=\"e-gallery-image elementor-gallery-item__image\" data-thumbnail=\"https:\/\/www.plotsinmarbella.com\/wp-content\/uploads\/2020\/06\/J6_3.jpg\" data-width=\"1630\" data-height=\"860\" aria-label=\"\" role=\"img\" ><\/div>\n\t\t\t\t\t\t\t\t\t\t\t<div class=\"elementor-gallery-item__overlay\"><\/div>\n\t\t\t\t\t\t\t\t\t\t\t\t\t\t<\/a>\n\t\t\t\t\t\t\t<a class=\"e-gallery-item elementor-gallery-item elementor-animated-content\" href=\"https:\/\/www.plotsinmarbella.com\/wp-content\/uploads\/2021\/04\/J6-2.jpg\" data-elementor-open-lightbox=\"yes\" data-elementor-lightbox-slideshow=\"7b299f17\" data-elementor-lightbox-title=\"J6-2\" data-e-action-hash=\"#elementor-action%3Aaction%3Dlightbox%26settings%3DeyJpZCI6MTIxMSwidXJsIjoiaHR0cHM6XC9cL3d3dy5wbG90c2lubWFyYmVsbGEuY29tXC93cC1jb250ZW50XC91cGxvYWRzXC8yMDIxXC8wNFwvSjYtMi5qcGciLCJzbGlkZXNob3ciOiI3YjI5OWYxNyJ9\">\n\t\t\t\t\t<div class=\"e-gallery-image elementor-gallery-item__image\" data-thumbnail=\"https:\/\/www.plotsinmarbella.com\/wp-content\/uploads\/2021\/04\/J6-2.jpg\" data-width=\"1630\" data-height=\"860\" aria-label=\"\" role=\"img\" ><\/div>\n\t\t\t\t\t\t\t\t\t\t\t<div class=\"elementor-gallery-item__overlay\"><\/div>\n\t\t\t\t\t\t\t\t\t\t\t\t\t\t<\/a>\n\t\t\t\t\t\t\t<a class=\"e-gallery-item elementor-gallery-item elementor-animated-content\" href=\"https:\/\/www.plotsinmarbella.com\/wp-content\/uploads\/2021\/04\/J6-1.jpg\" data-elementor-open-lightbox=\"yes\" data-elementor-lightbox-slideshow=\"7b299f17\" data-elementor-lightbox-title=\"J6-1\" data-e-action-hash=\"#elementor-action%3Aaction%3Dlightbox%26settings%3DeyJpZCI6MTIxMywidXJsIjoiaHR0cHM6XC9cL3d3dy5wbG90c2lubWFyYmVsbGEuY29tXC93cC1jb250ZW50XC91cGxvYWRzXC8yMDIxXC8wNFwvSjYtMS5qcGciLCJzbGlkZXNob3ciOiI3YjI5OWYxNyJ9\">\n\t\t\t\t\t<div class=\"e-gallery-image elementor-gallery-item__image\" data-thumbnail=\"https:\/\/www.plotsinmarbella.com\/wp-content\/uploads\/2021\/04\/J6-1.jpg\" data-width=\"1630\" data-height=\"860\" aria-label=\"\" role=\"img\" ><\/div>\n\t\t\t\t\t\t\t\t\t\t\t<div class=\"elementor-gallery-item__overlay\"><\/div>\n\t\t\t\t\t\t\t\t\t\t\t\t\t\t<\/a>\n\t\t\t\t\t<\/div>\n\t\t\t\t\t<\/div>\n\t\t\t\t<\/div>\n\t\t\t\t\t<\/div>\n\t\t<\/div>\n\t\t\t\t\t<\/div>\n\t\t<\/section>\n\t\t\t\t<section class=\"elementor-section elementor-top-section elementor-element elementor-element-7534b194 elementor-section-height-min-height elementor-section-boxed elementor-section-height-default elementor-section-items-middle\" data-id=\"7534b194\" data-element_type=\"section\" data-settings=\"{&quot;background_background&quot;:&quot;classic&quot;}\">\n\t\t\t\t\t\t<div class=\"elementor-container elementor-column-gap-default\">\n\t\t\t\t\t<div class=\"elementor-column elementor-col-100 elementor-top-column elementor-element elementor-element-1abf1c3c\" data-id=\"1abf1c3c\" data-element_type=\"column\">\n\t\t\t<div class=\"elementor-widget-wrap elementor-element-populated\">\n\t\t\t\t\t\t<div class=\"elementor-element elementor-element-30dc66a3 elementor-widget elementor-widget-heading\" data-id=\"30dc66a3\" data-element_type=\"widget\" data-widget_type=\"heading.default\">\n\t\t\t\t<div class=\"elementor-widget-container\">\n\t\t\t\t\t<h2 class=\"elementor-heading-title elementor-size-default\">Especificaciones<\/h2>\t\t\t\t<\/div>\n\t\t\t\t<\/div>\n\t\t\t\t<div class=\"elementor-element elementor-element-564d1e3c elementor-widget-divider--view-line elementor-widget elementor-widget-divider\" data-id=\"564d1e3c\" data-element_type=\"widget\" data-widget_type=\"divider.default\">\n\t\t\t\t<div class=\"elementor-widget-container\">\n\t\t\t\t\t\t\t<div class=\"elementor-divider\">\n\t\t\t<span class=\"elementor-divider-separator\">\n\t\t\t\t\t\t<\/span>\n\t\t<\/div>\n\t\t\t\t\t\t<\/div>\n\t\t\t\t<\/div>\n\t\t\t\t<div class=\"elementor-element elementor-element-4149df6a elementor-widget elementor-widget-heading\" data-id=\"4149df6a\" data-element_type=\"widget\" data-widget_type=\"heading.default\">\n\t\t\t\t<div class=\"elementor-widget-container\">\n\t\t\t\t\t<h2 class=\"elementor-heading-title elementor-size-default\">SUPERFICIE - 2947 m<sup>2<\/sup><\/h2>\t\t\t\t<\/div>\n\t\t\t\t<\/div>\n\t\t\t\t<div class=\"elementor-element elementor-element-7deba81c elementor-widget elementor-widget-heading\" data-id=\"7deba81c\" data-element_type=\"widget\" data-widget_type=\"heading.default\">\n\t\t\t\t<div class=\"elementor-widget-container\">\n\t\t\t\t\t<h2 class=\"elementor-heading-title elementor-size-default\">EDIFICABILIDAD - 884 m<sup>2<\/sup><\/h2>\t\t\t\t<\/div>\n\t\t\t\t<\/div>\n\t\t\t\t<div class=\"elementor-element elementor-element-226bade8 elementor-widget elementor-widget-heading\" data-id=\"226bade8\" data-element_type=\"widget\" data-widget_type=\"heading.default\">\n\t\t\t\t<div class=\"elementor-widget-container\">\n\t\t\t\t\t<h2 class=\"elementor-heading-title elementor-size-default\">ZONIFICACION - Ue-3  <\/h2>\t\t\t\t<\/div>\n\t\t\t\t<\/div>\n\t\t\t\t<div class=\"elementor-element elementor-element-1df7309b elementor-widget elementor-widget-heading\" data-id=\"1df7309b\" data-element_type=\"widget\" data-widget_type=\"heading.default\">\n\t\t\t\t<div class=\"elementor-widget-container\">\n\t\t\t\t\t<h2 class=\"elementor-heading-title elementor-size-default\">Orientaci\u00f3n - sureste y oeste<\/h2>\t\t\t\t<\/div>\n\t\t\t\t<\/div>\n\t\t\t\t\t<\/div>\n\t\t<\/div>\n\t\t\t\t\t<\/div>\n\t\t<\/section>\n\t\t\t\t<section class=\"elementor-section elementor-top-section elementor-element elementor-element-62ed154 elementor-section-boxed elementor-section-height-default elementor-section-height-default\" data-id=\"62ed154\" data-element_type=\"section\">\n\t\t\t\t\t\t<div class=\"elementor-container elementor-column-gap-default\">\n\t\t\t\t\t<div class=\"elementor-column elementor-col-100 elementor-top-column elementor-element elementor-element-1698585\" data-id=\"1698585\" data-element_type=\"column\">\n\t\t\t<div class=\"elementor-widget-wrap elementor-element-populated\">\n\t\t\t\t\t\t<div class=\"elementor-element elementor-element-a72e73a elementor-widget elementor-widget-image\" data-id=\"a72e73a\" data-element_type=\"widget\" data-widget_type=\"image.default\">\n\t\t\t\t<div class=\"elementor-widget-container\">\n\t\t\t\t\t\t\t\t\t\t\t\t\t\t\t<img fetchpriority=\"high\" decoding=\"async\" width=\"1271\" height=\"2003\" src=\"https:\/\/www.plotsinmarbella.com\/wp-content\/uploads\/2021\/04\/terreno-j6.jpg\" class=\"attachment-full size-full wp-image-1170\" alt=\"\" srcset=\"https:\/\/www.plotsinmarbella.com\/wp-content\/uploads\/2021\/04\/terreno-j6.jpg 1271w, https:\/\/www.plotsinmarbella.com\/wp-content\/uploads\/2021\/04\/terreno-j6-190x300.jpg 190w, https:\/\/www.plotsinmarbella.com\/wp-content\/uploads\/2021\/04\/terreno-j6-650x1024.jpg 650w, https:\/\/www.plotsinmarbella.com\/wp-content\/uploads\/2021\/04\/terreno-j6-768x1210.jpg 768w, https:\/\/www.plotsinmarbella.com\/wp-content\/uploads\/2021\/04\/terreno-j6-975x1536.jpg 975w\" sizes=\"(max-width: 1271px) 100vw, 1271px\" \/>\t\t\t\t\t\t\t\t\t\t\t\t\t\t\t<\/div>\n\t\t\t\t<\/div>\n\t\t\t\t\t<\/div>\n\t\t<\/div>\n\t\t\t\t\t<\/div>\n\t\t<\/section>\n\t\t\t\t<section class=\"elementor-section elementor-top-section elementor-element elementor-element-546102aa elementor-section-boxed elementor-section-height-default elementor-section-height-default\" data-id=\"546102aa\" data-element_type=\"section\">\n\t\t\t\t\t\t<div class=\"elementor-container elementor-column-gap-default\">\n\t\t\t\t\t<div class=\"elementor-column elementor-col-100 elementor-top-column elementor-element elementor-element-3f52bb13\" data-id=\"3f52bb13\" data-element_type=\"column\">\n\t\t\t<div class=\"elementor-widget-wrap elementor-element-populated\">\n\t\t\t\t\t\t<div class=\"elementor-element elementor-element-209e62e2 elementor-widget elementor-widget-heading\" data-id=\"209e62e2\" data-element_type=\"widget\" data-widget_type=\"heading.default\">\n\t\t\t\t<div class=\"elementor-widget-container\">\n\t\t\t\t\t<h2 class=\"elementor-heading-title elementor-size-default\">M\u00e1s informaci\u00f3n<\/h2>\t\t\t\t<\/div>\n\t\t\t\t<\/div>\n\t\t\t\t\t<\/div>\n\t\t<\/div>\n\t\t\t\t\t<\/div>\n\t\t<\/section>\n\t\t\t\t<section class=\"elementor-section elementor-top-section elementor-element elementor-element-6b62640e elementor-section-boxed elementor-section-height-default elementor-section-height-default\" data-id=\"6b62640e\" data-element_type=\"section\">\n\t\t\t\t\t\t<div class=\"elementor-container elementor-column-gap-no\">\n\t\t\t\t\t<div class=\"elementor-column elementor-col-100 elementor-top-column elementor-element elementor-element-3a15bbaf\" data-id=\"3a15bbaf\" data-element_type=\"column\">\n\t\t\t<div class=\"elementor-widget-wrap elementor-element-populated\">\n\t\t\t\t\t\t<div class=\"elementor-element elementor-element-3cb3d283 elementor-button-align-center elementor-widget elementor-widget-form\" data-id=\"3cb3d283\" data-element_type=\"widget\" data-settings=\"{&quot;step_next_label&quot;:&quot;Next&quot;,&quot;step_previous_label&quot;:&quot;Previous&quot;,&quot;step_type&quot;:&quot;number_text&quot;,&quot;step_icon_shape&quot;:&quot;circle&quot;}\" data-widget_type=\"form.default\">\n\t\t\t\t<div class=\"elementor-widget-container\">\n\t\t\t\t\t\t\t<form class=\"elementor-form\" method=\"post\" name=\"Nuevo formulario\">\n\t\t\t<input type=\"hidden\" name=\"post_id\" value=\"767\"\/>\n\t\t\t<input type=\"hidden\" name=\"form_id\" value=\"3cb3d283\"\/>\n\t\t\t<input type=\"hidden\" name=\"referer_title\" value=\"Parcela en venta en marbella J-6 | Altos de los Monteros\" \/>\n\n\t\t\t\t\t\t\t<input type=\"hidden\" name=\"queried_id\" value=\"767\"\/>\n\t\t\t\n\t\t\t<div class=\"elementor-form-fields-wrapper elementor-labels-above\">\n\t\t\t\t\t\t\t\t<div class=\"elementor-field-type-text elementor-field-group elementor-column elementor-field-group-name elementor-col-100\">\n\t\t\t\t\t\t\t\t\t\t\t\t<label for=\"form-field-name\" class=\"elementor-field-label\">\n\t\t\t\t\t\t\t\tNombre\t\t\t\t\t\t\t<\/label>\n\t\t\t\t\t\t\t\t\t\t\t\t\t\t<input size=\"1\" type=\"text\" name=\"form_fields[name]\" id=\"form-field-name\" class=\"elementor-field elementor-size-sm  elementor-field-textual\" placeholder=\"Nombre\">\n\t\t\t\t\t\t\t\t\t\t\t<\/div>\n\t\t\t\t\t\t\t\t<div class=\"elementor-field-type-email elementor-field-group elementor-column elementor-field-group-email elementor-col-100 elementor-field-required\">\n\t\t\t\t\t\t\t\t\t\t\t\t<label for=\"form-field-email\" class=\"elementor-field-label\">\n\t\t\t\t\t\t\t\tCorreo electr\u00f3nico\t\t\t\t\t\t\t<\/label>\n\t\t\t\t\t\t\t\t\t\t\t\t\t\t<input size=\"1\" type=\"email\" name=\"form_fields[email]\" id=\"form-field-email\" class=\"elementor-field elementor-size-sm  elementor-field-textual\" placeholder=\"Correo electr\u00f3nico\" required=\"required\" aria-required=\"true\">\n\t\t\t\t\t\t\t\t\t\t\t<\/div>\n\t\t\t\t\t\t\t\t<div class=\"elementor-field-type-textarea elementor-field-group elementor-column elementor-field-group-message elementor-col-100\">\n\t\t\t\t\t\t\t\t\t\t\t\t<label for=\"form-field-message\" class=\"elementor-field-label\">\n\t\t\t\t\t\t\t\tMensaje\t\t\t\t\t\t\t<\/label>\n\t\t\t\t\t\t<textarea class=\"elementor-field-textual elementor-field  elementor-size-sm\" name=\"form_fields[message]\" id=\"form-field-message\" rows=\"4\" placeholder=\"Mensaje\"><\/textarea>\t\t\t\t<\/div>\n\t\t\t\t\t\t\t\t<div class=\"elementor-field-group elementor-column elementor-field-type-submit elementor-col-100 e-form__buttons\">\n\t\t\t\t\t<button class=\"elementor-button elementor-size-md\" type=\"submit\">\n\t\t\t\t\t\t<span class=\"elementor-button-content-wrapper\">\n\t\t\t\t\t\t\t\t\t\t\t\t\t\t\t\t\t\t\t\t\t\t<span class=\"elementor-button-text\">Enviar<\/span>\n\t\t\t\t\t\t\t\t\t\t\t\t\t<\/span>\n\t\t\t\t\t<\/button>\n\t\t\t\t<\/div>\n\t\t\t<\/div>\n\t\t<\/form>\n\t\t\t\t\t\t<\/div>\n\t\t\t\t<\/div>\n\t\t\t\t<div class=\"elementor-element elementor-element-f85a70d elementor-widget elementor-widget-spacer\" data-id=\"f85a70d\" data-element_type=\"widget\" data-widget_type=\"spacer.default\">\n\t\t\t\t<div class=\"elementor-widget-container\">\n\t\t\t\t\t\t\t<div class=\"elementor-spacer\">\n\t\t\t<div class=\"elementor-spacer-inner\"><\/div>\n\t\t<\/div>\n\t\t\t\t\t\t<\/div>\n\t\t\t\t<\/div>\n\t\t\t\t\t<\/div>\n\t\t<\/div>\n\t\t\t\t\t<\/div>\n\t\t<\/section>\n\t\t\t\t<\/div>\n\t\t","protected":false},"excerpt":{"rendered":"<p>PARCELA J-6 (PROXIMO PROYECTO) Galer\u00eda Especificaciones SUPERFICIE &#8211; 2947 m2 EDIFICABILIDAD &#8211; 884 m2 ZONIFICACION &#8211; Ue-3 Orientaci\u00f3n &#8211; sureste y oeste M\u00e1s informaci\u00f3n<\/p>\n","protected":false},"author":1,"featured_media":0,"parent":0,"menu_order":0,"comment_status":"closed","ping_status":"closed","template":"","meta":{"footnotes":""},"yst_prominent_words":[],"class_list":["post-767","page","type-page","status-publish","hentry"],"yoast_head":"<!-- This site is optimized with the Yoast SEO Premium plugin v14.4.1 - https:\/\/yoast.com\/wordpress\/plugins\/seo\/ -->\n<title>Parcela en venta en marbella J-6 | Altos de los Monteros<\/title>\n<meta name=\"robots\" content=\"index, follow\" \/>\n<meta name=\"googlebot\" content=\"index, follow, max-snippet:-1, max-image-preview:large, max-video-preview:-1\" \/>\n<meta name=\"bingbot\" content=\"index, follow, max-snippet:-1, max-image-preview:large, max-video-preview:-1\" \/>\n<link rel=\"canonical\" href=\"https:\/\/www.plotsinmarbella.com\/plot-for-sale-in-marbella-j-6\/\" \/>\n<meta property=\"og:locale\" content=\"es_ES\" \/>\n<meta property=\"og:type\" content=\"article\" \/>\n<meta property=\"og:title\" content=\"Parcela en venta en marbella J-6 | Altos de los Monteros\" \/>\n<meta property=\"og:description\" content=\"PARCELA J-6 (PROXIMO PROYECTO) Galer\u00eda Especificaciones SUPERFICIE &#8211; 2947 m2 EDIFICABILIDAD &#8211; 884 m2 ZONIFICACION &#8211; Ue-3 Orientaci\u00f3n &#8211; sureste y oeste M\u00e1s informaci\u00f3n\" \/>\n<meta property=\"og:url\" content=\"https:\/\/www.plotsinmarbella.com\/plot-for-sale-in-marbella-j-6\/\" \/>\n<meta property=\"og:site_name\" content=\"Altos de los Monteros\" \/>\n<meta property=\"article:publisher\" content=\"https:\/\/www.facebook.com\/altosdelosmonterosmarbella\" \/>\n<meta property=\"article:modified_time\" content=\"2021-08-11T09:50:51+00:00\" \/>\n<meta property=\"og:image\" content=\"https:\/\/www.plotsinmarbella.com\/wp-content\/uploads\/2021\/04\/terreno-j6.jpg\" \/>\n<meta name=\"twitter:card\" content=\"summary_large_image\" \/>\n<script type=\"application\/ld+json\" class=\"yoast-schema-graph\">{\"@context\":\"https:\/\/schema.org\",\"@graph\":[{\"@type\":\"Organization\",\"@id\":\"https:\/\/www.plotsinmarbella.com\/es\/#organization\",\"name\":\"Altos de los Monteros\",\"url\":\"https:\/\/www.plotsinmarbella.com\/es\/\",\"sameAs\":[\"https:\/\/www.facebook.com\/altosdelosmonterosmarbella\",\"https:\/\/www.instagram.com\/losaltosdelosmonteros\/\"],\"logo\":{\"@type\":\"ImageObject\",\"@id\":\"https:\/\/www.plotsinmarbella.com\/es\/#logo\",\"inLanguage\":\"es\",\"url\":\"https:\/\/www.plotsinmarbella.com\/wp-content\/uploads\/2020\/06\/logo-alto-de-los-monteros-400.png\",\"width\":396,\"height\":400,\"caption\":\"Altos de los Monteros\"},\"image\":{\"@id\":\"https:\/\/www.plotsinmarbella.com\/es\/#logo\"}},{\"@type\":\"WebSite\",\"@id\":\"https:\/\/www.plotsinmarbella.com\/es\/#website\",\"url\":\"https:\/\/www.plotsinmarbella.com\/es\/\",\"name\":\"Altos de los Monteros\",\"description\":\"Venta de parcelas en Los Monteros de Marbella, Costa del sol\",\"publisher\":{\"@id\":\"https:\/\/www.plotsinmarbella.com\/es\/#organization\"},\"potentialAction\":[{\"@type\":\"SearchAction\",\"target\":\"https:\/\/www.plotsinmarbella.com\/es\/?s={search_term_string}\",\"query-input\":\"required name=search_term_string\"}],\"inLanguage\":\"es\"},{\"@type\":\"ImageObject\",\"@id\":\"https:\/\/www.plotsinmarbella.com\/plot-for-sale-in-marbella-j-6\/#primaryimage\",\"inLanguage\":\"es\",\"url\":\"https:\/\/www.plotsinmarbella.com\/wp-content\/uploads\/2021\/04\/terreno-j6.jpg\",\"width\":1271,\"height\":2003},{\"@type\":\"WebPage\",\"@id\":\"https:\/\/www.plotsinmarbella.com\/plot-for-sale-in-marbella-j-6\/#webpage\",\"url\":\"https:\/\/www.plotsinmarbella.com\/plot-for-sale-in-marbella-j-6\/\",\"name\":\"Parcela en venta en marbella J-6 | Altos de los Monteros\",\"isPartOf\":{\"@id\":\"https:\/\/www.plotsinmarbella.com\/es\/#website\"},\"primaryImageOfPage\":{\"@id\":\"https:\/\/www.plotsinmarbella.com\/plot-for-sale-in-marbella-j-6\/#primaryimage\"},\"datePublished\":\"2020-09-27T16:41:46+00:00\",\"dateModified\":\"2021-08-11T09:50:51+00:00\",\"inLanguage\":\"es\",\"potentialAction\":[{\"@type\":\"ReadAction\",\"target\":[\"https:\/\/www.plotsinmarbella.com\/plot-for-sale-in-marbella-j-6\/\"]}]}]}<\/script>\n<!-- \/ Yoast SEO Premium plugin. -->","_links":{"self":[{"href":"https:\/\/www.plotsinmarbella.com\/es\/wp-json\/wp\/v2\/pages\/767","targetHints":{"allow":["GET"]}}],"collection":[{"href":"https:\/\/www.plotsinmarbella.com\/es\/wp-json\/wp\/v2\/pages"}],"about":[{"href":"https:\/\/www.plotsinmarbella.com\/es\/wp-json\/wp\/v2\/types\/page"}],"author":[{"embeddable":true,"href":"https:\/\/www.plotsinmarbella.com\/es\/wp-json\/wp\/v2\/users\/1"}],"replies":[{"embeddable":true,"href":"https:\/\/www.plotsinmarbella.com\/es\/wp-json\/wp\/v2\/comments?post=767"}],"version-history":[{"count":19,"href":"https:\/\/www.plotsinmarbella.com\/es\/wp-json\/wp\/v2\/pages\/767\/revisions"}],"predecessor-version":[{"id":1901,"href":"https:\/\/www.plotsinmarbella.com\/es\/wp-json\/wp\/v2\/pages\/767\/revisions\/1901"}],"wp:attachment":[{"href":"https:\/\/www.plotsinmarbella.com\/es\/wp-json\/wp\/v2\/media?parent=767"}],"wp:term":[{"taxonomy":"yst_prominent_words","embeddable":true,"href":"https:\/\/www.plotsinmarbella.com\/es\/wp-json\/wp\/v2\/yst_prominent_words?post=767"}],"curies":[{"name":"wp","href":"https:\/\/api.w.org\/{rel}","templated":true}]}}